{"id":1882,"date":"2019-05-13T06:49:43","date_gmt":"2019-05-13T06:49:43","guid":{"rendered":"http:\/\/shiny-yacare.w6.wpsandbox.pro\/?page_id=10"},"modified":"2026-02-27T12:53:01","modified_gmt":"2026-02-27T12:53:01","slug":"home","status":"publish","type":"page","link":"https:\/\/metaxa.hr\/","title":{"rendered":"Home"},"content":{"rendered":"\t\t<div data-elementor-type=\"wp-post\" data-elementor-id=\"1882\" class=\"elementor elementor-1882\">\n\t\t\t\t\t\t<section class=\"elementor-section elementor-top-section elementor-element elementor-element-66cd896 elementor-section-height-min-height elementor-section-stretched elementor-section-boxed elementor-section-height-default elementor-section-items-middle\" data-id=\"66cd896\" data-element_type=\"section\" data-e-type=\"section\" data-settings=\"{&quot;background_background&quot;:&quot;classic&quot;,&quot;stretch_section&quot;:&quot;section-stretched&quot;}\">\n\t\t\t\t\t\t\t<div class=\"elementor-background-overlay\"><\/div>\n\t\t\t\t\t\t\t<div class=\"elementor-container elementor-column-gap-default\">\n\t\t\t\t\t<div class=\"elementor-column elementor-col-25 elementor-top-column elementor-element elementor-element-c899c40\" data-id=\"c899c40\" data-element_type=\"column\" data-e-type=\"column\">\n\t\t\t<div class=\"elementor-widget-wrap\">\n\t\t\t\t\t\t\t<\/div>\n\t\t<\/div>\n\t\t\t\t<div class=\"elementor-column elementor-col-50 elementor-top-column elementor-element elementor-element-c63c3af\" data-id=\"c63c3af\" data-element_type=\"column\" data-e-type=\"column\">\n\t\t\t<div class=\"elementor-widget-wrap elementor-element-populated\">\n\t\t\t\t\t\t<div class=\"elementor-element elementor-element-83102c2 elementor-widget elementor-widget-image\" data-id=\"83102c2\" data-element_type=\"widget\" data-e-type=\"widget\" data-widget_type=\"image.default\">\n\t\t\t\t<div class=\"elementor-widget-container\">\n\t\t\t\t\t\t\t\t\t\t\t\t\t\t\t<img fetchpriority=\"high\" decoding=\"async\" width=\"693\" height=\"158\" src=\"https:\/\/metaxa.hr\/wp-content\/uploads\/2019\/05\/crown-1.png\" class=\"attachment-large size-large wp-image-80\" alt=\"\" srcset=\"https:\/\/metaxa.hr\/wp-content\/uploads\/2019\/05\/crown-1.png 693w, https:\/\/metaxa.hr\/wp-content\/uploads\/2019\/05\/crown-1-300x68.png 300w\" sizes=\"(max-width: 693px) 100vw, 693px\" \/>\t\t\t\t\t\t\t\t\t\t\t\t\t\t\t<\/div>\n\t\t\t\t<\/div>\n\t\t\t\t<div class=\"elementor-element elementor-element-33f9671 elementor-widget elementor-widget-heading\" data-id=\"33f9671\" data-element_type=\"widget\" data-e-type=\"widget\" data-widget_type=\"heading.default\">\n\t\t\t\t<div class=\"elementor-widget-container\">\n\t\t\t\t\t<h2 class=\"elementor-heading-title elementor-size-default\">Metaxa<\/h2>\t\t\t\t<\/div>\n\t\t\t\t<\/div>\n\t\t\t\t<div class=\"elementor-element elementor-element-e214d93 elementor-align-center elementor-widget elementor-widget-button\" data-id=\"e214d93\" data-element_type=\"widget\" data-e-type=\"widget\" data-widget_type=\"button.default\">\n\t\t\t\t<div class=\"elementor-widget-container\">\n\t\t\t\t\t\t\t\t\t<div class=\"elementor-button-wrapper\">\n\t\t\t\t\t<a class=\"elementor-button elementor-button-link elementor-size-lg\" href=\"https:\/\/metaxa.hr\/wp-content\/uploads\/2026\/02\/Letak-Pizza-Metaxa-rotated.jpeg\" target=\"_blank\" rel=\"nofollow\">\n\t\t\t\t\t\t<span class=\"elementor-button-content-wrapper\">\n\t\t\t\t\t\t<span class=\"elementor-button-icon\">\n\t\t\t\t<i aria-hidden=\"true\" class=\"fas fa-file-download\"><\/i>\t\t\t<\/span>\n\t\t\t\t\t\t\t\t\t<span class=\"elementor-button-text\">Pregledaj menu<\/span>\n\t\t\t\t\t<\/span>\n\t\t\t\t\t<\/a>\n\t\t\t\t<\/div>\n\t\t\t\t\t\t\t\t<\/div>\n\t\t\t\t<\/div>\n\t\t\t\t<div class=\"elementor-element elementor-element-3e975b7 elementor-widget elementor-widget-image\" data-id=\"3e975b7\" data-element_type=\"widget\" data-e-type=\"widget\" data-widget_type=\"image.default\">\n\t\t\t\t<div class=\"elementor-widget-container\">\n\t\t\t\t\t\t\t\t\t\t\t\t\t\t\t<img decoding=\"async\" width=\"542\" height=\"91\" src=\"https:\/\/metaxa.hr\/wp-content\/uploads\/2019\/05\/crown-2.png\" class=\"attachment-large size-large wp-image-84\" alt=\"\" srcset=\"https:\/\/metaxa.hr\/wp-content\/uploads\/2019\/05\/crown-2.png 542w, https:\/\/metaxa.hr\/wp-content\/uploads\/2019\/05\/crown-2-300x50.png 300w\" sizes=\"(max-width: 542px) 100vw, 542px\" \/>\t\t\t\t\t\t\t\t\t\t\t\t\t\t\t<\/div>\n\t\t\t\t<\/div>\n\t\t\t\t\t<\/div>\n\t\t<\/div>\n\t\t\t\t<div class=\"elementor-column elementor-col-25 elementor-top-column elementor-element elementor-element-153d7a3\" data-id=\"153d7a3\" data-element_type=\"column\" data-e-type=\"column\">\n\t\t\t<div class=\"elementor-widget-wrap\">\n\t\t\t\t\t\t\t<\/div>\n\t\t<\/div>\n\t\t\t\t\t<\/div>\n\t\t<\/section>\n\t\t\t\t<section class=\"elementor-section elementor-top-section elementor-element elementor-element-499a635 elementor-section-boxed elementor-section-height-default elementor-section-height-default\" data-id=\"499a635\" data-element_type=\"section\" data-e-type=\"section\">\n\t\t\t\t\t\t<div class=\"elementor-container elementor-column-gap-default\">\n\t\t\t\t\t<div class=\"elementor-column elementor-col-50 elementor-top-column elementor-element elementor-element-2bbbe7e\" data-id=\"2bbbe7e\" data-element_type=\"column\" data-e-type=\"column\">\n\t\t\t<div class=\"elementor-widget-wrap elementor-element-populated\">\n\t\t\t\t\t\t<div class=\"elementor-element elementor-element-be16932 elementor-widget elementor-widget-text-editor\" data-id=\"be16932\" data-element_type=\"widget\" data-e-type=\"widget\" data-widget_type=\"text-editor.default\">\n\t\t\t\t<div class=\"elementor-widget-container\">\n\t\t\t\t\t\t\t\t\t<h3>Kontakt<\/h3><p>tel: <a href=\"tel:+38540389500\">040\/389-500<\/a><\/p><h4>Radno vrijeme<\/h4><p>Ponedjeljak &#8211; Petak \u00a0\u00a0 \u00a0 \u00a0 15:00 &#8211; 22:00<br \/>Subota \u00a0 \u00a0 \u00a0 \u00a0 \u00a0 \u00a0\u00a0 \u00a0 \u00a0 \u00a0 \u00a0 \u00a0 \u00a0 \u00a0 \u00a0\u00a0 13:00 &#8211; 22:00<br \/>Nedjeljom i praznikom\u00a0\u00a0\u00a0 16:00 &#8211; 22:00<\/p><p style=\"font-size: 14px;\">Konzumacija u objektu nije mogu\u0107a!<\/p><div>\u00a0<\/div><div>\u00a0<\/div>\t\t\t\t\t\t\t\t<\/div>\n\t\t\t\t<\/div>\n\t\t\t\t\t<\/div>\n\t\t<\/div>\n\t\t\t\t<div class=\"elementor-column elementor-col-50 elementor-top-column elementor-element elementor-element-d721849\" data-id=\"d721849\" data-element_type=\"column\" data-e-type=\"column\">\n\t\t\t<div class=\"elementor-widget-wrap elementor-element-populated\">\n\t\t\t\t\t\t<div class=\"elementor-element elementor-element-03946a6 elementor-widget elementor-widget-google_maps\" data-id=\"03946a6\" data-element_type=\"widget\" data-e-type=\"widget\" data-widget_type=\"google_maps.default\">\n\t\t\t\t<div class=\"elementor-widget-container\">\n\t\t\t\t\t\t\t<div class=\"elementor-custom-embed\">\n\t\t\t<iframe loading=\"lazy\"\n\t\t\t\t\tsrc=\"https:\/\/maps.google.com\/maps?q=Prvomajska%202a%2C%20Mihovljan&#038;t=m&#038;z=14&#038;output=embed&#038;iwloc=near\"\n\t\t\t\t\ttitle=\"Prvomajska 2a, Mihovljan\"\n\t\t\t\t\taria-label=\"Prvomajska 2a, Mihovljan\"\n\t\t\t><\/iframe>\n\t\t<\/div>\n\t\t\t\t\t\t<\/div>\n\t\t\t\t<\/div>\n\t\t\t\t\t<\/div>\n\t\t<\/div>\n\t\t\t\t\t<\/div>\n\t\t<\/section>\n\t\t\t\t<section class=\"elementor-section elementor-top-section elementor-element elementor-element-d3e4052 elementor-section-boxed elementor-section-height-default elementor-section-height-default\" data-id=\"d3e4052\" data-element_type=\"section\" data-e-type=\"section\">\n\t\t\t\t\t\t<div class=\"elementor-container elementor-column-gap-default\">\n\t\t\t\t\t<div class=\"elementor-column elementor-col-100 elementor-top-column elementor-element elementor-element-552b4b2\" data-id=\"552b4b2\" data-element_type=\"column\" data-e-type=\"column\">\n\t\t\t<div class=\"elementor-widget-wrap elementor-element-populated\">\n\t\t\t\t\t\t<div class=\"elementor-element elementor-element-c9c3af3 elementor-widget-divider--view-line elementor-widget elementor-widget-divider\" data-id=\"c9c3af3\" data-element_type=\"widget\" data-e-type=\"widget\" data-widget_type=\"divider.default\">\n\t\t\t\t<div class=\"elementor-widget-container\">\n\t\t\t\t\t\t\t<div class=\"elementor-divider\">\n\t\t\t<span class=\"elementor-divider-separator\">\n\t\t\t\t\t\t<\/span>\n\t\t<\/div>\n\t\t\t\t\t\t<\/div>\n\t\t\t\t<\/div>\n\t\t\t\t\t<\/div>\n\t\t<\/div>\n\t\t\t\t\t<\/div>\n\t\t<\/section>\n\t\t\t\t<section class=\"elementor-section elementor-top-section elementor-element elementor-element-8be7293 elementor-section-boxed elementor-section-height-default elementor-section-height-default\" data-id=\"8be7293\" data-element_type=\"section\" data-e-type=\"section\">\n\t\t\t\t\t\t<div class=\"elementor-container elementor-column-gap-default\">\n\t\t\t\t\t<div class=\"elementor-column elementor-col-100 elementor-top-column elementor-element elementor-element-1256316\" data-id=\"1256316\" data-element_type=\"column\" data-e-type=\"column\">\n\t\t\t<div class=\"elementor-widget-wrap elementor-element-populated\">\n\t\t\t\t\t\t<div class=\"elementor-element elementor-element-b8b8654 elementor-widget elementor-widget-text-editor\" data-id=\"b8b8654\" data-element_type=\"widget\" data-e-type=\"widget\" data-widget_type=\"text-editor.default\">\n\t\t\t\t<div class=\"elementor-widget-container\">\n\t\t\t\t\t\t\t\t\t<h3>ZONE DOSTAVE<\/h3><h4>Zona 1<\/h4><p>\u010cakovec, Mihovljan, \u0160enkovec &#8211; besplatna dostava<\/p><h4>Zona 2<\/h4><p>Pribislavec, \u0160tefanec, Ivanovec, Savska Ves, Strahoninec, Nedeli\u0161\u0107e, Ma\u010dkovec, Novo Selo Rok, Kri\u0161tanovec, Belica.<\/p><p>Mogu\u0107nost dostave za minimalnu narud\u017ebu od <strong>16,00 \u20ac<\/strong> na dalje.<\/p><p>Kutija za pizzu u cijeni.<\/p><p>Mogu\u0107nost karti\u010dnog pla\u0107anja kod dostave uz najavu prilikom narud\u017ebe.<\/p>\t\t\t\t\t\t\t\t<\/div>\n\t\t\t\t<\/div>\n\t\t\t\t\t<\/div>\n\t\t<\/div>\n\t\t\t\t\t<\/div>\n\t\t<\/section>\n\t\t\t\t<\/div>\n\t\t","protected":false},"excerpt":{"rendered":"<p>Metaxa Pregledaj menu Kontakt tel: 040\/389-500 Radno vrijeme Ponedjeljak &#8211; Petak \u00a0\u00a0 \u00a0 \u00a0 15:00 &#8211; 22:00Subota \u00a0 \u00a0 \u00a0 \u00a0 \u00a0 \u00a0\u00a0 \u00a0 \u00a0 \u00a0 \u00a0 \u00a0 \u00a0 \u00a0 \u00a0\u00a0 13:00 &#8211; 22:00Nedjeljom i praznikom\u00a0\u00a0\u00a0 16:00 &#8211; 22:00 Konzumacija u objektu nije mogu\u0107a! \u00a0\u00a0 ZONE DOSTAVE Zona 1 \u010cakovec, Mihovljan, \u0160enkovec &#8211; besplatna dostava [&hellip;]<\/p>\n","protected":false},"author":3,"featured_media":0,"parent":0,"menu_order":0,"comment_status":"closed","ping_status":"closed","template":"page-templates\/pagebuilder.php","meta":{"footnotes":""},"class_list":["post-1882","page","type-page","status-publish","hentry"],"yoast_head":"<!-- This site is optimized with the Yoast SEO plugin v27.4 - https:\/\/yoast.com\/product\/yoast-seo-wordpress\/ -->\n<title>Metaxa - dostava pizza u \u010cakovcu<\/title>\n<meta name=\"description\" content=\"Pizze iz kru\u0161ne pe\u0107i pripremljene od najkvalitetnijih sastojaka dostavljamo u \u010cakovec i okolicu. Kliknite za vi\u0161e!\" \/>\n<meta name=\"robots\" content=\"index, follow, max-snippet:-1, max-image-preview:large, max-video-preview:-1\" \/>\n<link rel=\"canonical\" href=\"https:\/\/metaxa.hr\/\" \/>\n<meta property=\"og:locale\" content=\"en_US\" \/>\n<meta property=\"og:type\" content=\"article\" \/>\n<meta property=\"og:title\" content=\"Metaxa - dostava pizza u \u010cakovcu\" \/>\n<meta property=\"og:description\" content=\"Pizze iz kru\u0161ne pe\u0107i pripremljene od najkvalitetnijih sastojaka dostavljamo u \u010cakovec i okolicu. Kliknite za vi\u0161e!\" \/>\n<meta property=\"og:url\" content=\"https:\/\/metaxa.hr\/\" \/>\n<meta property=\"og:site_name\" content=\"Metaxa\" \/>\n<meta property=\"article:modified_time\" content=\"2026-02-27T12:53:01+00:00\" \/>\n<meta property=\"og:image\" content=\"https:\/\/metaxa.hr\/wp-content\/uploads\/2020\/06\/PIZZA-METAXA-LOGO-final.png\" \/>\n\t<meta property=\"og:image:width\" content=\"2213\" \/>\n\t<meta property=\"og:image:height\" content=\"496\" \/>\n\t<meta property=\"og:image:type\" content=\"image\/png\" \/>\n<meta name=\"twitter:card\" content=\"summary_large_image\" \/>\n<meta name=\"twitter:image\" content=\"https:\/\/metaxa.hr\/wp-content\/uploads\/2020\/06\/PIZZA-METAXA-LOGO-final.png\" \/>\n<meta name=\"twitter:label1\" content=\"Est. reading time\" \/>\n\t<meta name=\"twitter:data1\" content=\"1 minute\" \/>\n<script type=\"application\/ld+json\" class=\"yoast-schema-graph\">{\"@context\":\"https:\\\/\\\/schema.org\",\"@graph\":[{\"@type\":\"WebPage\",\"@id\":\"https:\\\/\\\/metaxa.hr\\\/\",\"url\":\"https:\\\/\\\/metaxa.hr\\\/\",\"name\":\"Metaxa - dostava pizza u \u010cakovcu\",\"isPartOf\":{\"@id\":\"https:\\\/\\\/metaxa.hr\\\/#website\"},\"primaryImageOfPage\":{\"@id\":\"https:\\\/\\\/metaxa.hr\\\/#primaryimage\"},\"image\":{\"@id\":\"https:\\\/\\\/metaxa.hr\\\/#primaryimage\"},\"thumbnailUrl\":\"https:\\\/\\\/metaxa.hr\\\/wp-content\\\/uploads\\\/2019\\\/05\\\/crown-1.png\",\"datePublished\":\"2019-05-13T06:49:43+00:00\",\"dateModified\":\"2026-02-27T12:53:01+00:00\",\"description\":\"Pizze iz kru\u0161ne pe\u0107i pripremljene od najkvalitetnijih sastojaka dostavljamo u \u010cakovec i okolicu. Kliknite za vi\u0161e!\",\"breadcrumb\":{\"@id\":\"https:\\\/\\\/metaxa.hr\\\/#breadcrumb\"},\"inLanguage\":\"en-US\",\"potentialAction\":[{\"@type\":\"ReadAction\",\"target\":[\"https:\\\/\\\/metaxa.hr\\\/\"]}]},{\"@type\":\"ImageObject\",\"inLanguage\":\"en-US\",\"@id\":\"https:\\\/\\\/metaxa.hr\\\/#primaryimage\",\"url\":\"https:\\\/\\\/metaxa.hr\\\/wp-content\\\/uploads\\\/2019\\\/05\\\/crown-1.png\",\"contentUrl\":\"https:\\\/\\\/metaxa.hr\\\/wp-content\\\/uploads\\\/2019\\\/05\\\/crown-1.png\",\"width\":693,\"height\":158,\"caption\":\"\"},{\"@type\":\"BreadcrumbList\",\"@id\":\"https:\\\/\\\/metaxa.hr\\\/#breadcrumb\",\"itemListElement\":[{\"@type\":\"ListItem\",\"position\":1,\"name\":\"Home\",\"item\":\"https:\\\/\\\/metaxa.hr\\\/\"},{\"@type\":\"ListItem\",\"position\":2,\"name\":\"Home\"}]},{\"@type\":\"WebSite\",\"@id\":\"https:\\\/\\\/metaxa.hr\\\/#website\",\"url\":\"https:\\\/\\\/metaxa.hr\\\/\",\"name\":\"Metaxa\",\"description\":\"Pizza &amp; Coffee\",\"publisher\":{\"@id\":\"https:\\\/\\\/metaxa.hr\\\/#organization\"},\"potentialAction\":[{\"@type\":\"SearchAction\",\"target\":{\"@type\":\"EntryPoint\",\"urlTemplate\":\"https:\\\/\\\/metaxa.hr\\\/?s={search_term_string}\"},\"query-input\":{\"@type\":\"PropertyValueSpecification\",\"valueRequired\":true,\"valueName\":\"search_term_string\"}}],\"inLanguage\":\"en-US\"},{\"@type\":\"Organization\",\"@id\":\"https:\\\/\\\/metaxa.hr\\\/#organization\",\"name\":\"Metaxa d.o.o.\",\"url\":\"https:\\\/\\\/metaxa.hr\\\/\",\"logo\":{\"@type\":\"ImageObject\",\"inLanguage\":\"en-US\",\"@id\":\"https:\\\/\\\/metaxa.hr\\\/#\\\/schema\\\/logo\\\/image\\\/\",\"url\":\"https:\\\/\\\/metaxa.hr\\\/wp-content\\\/uploads\\\/2020\\\/06\\\/PIZZA-METAXA-LOGO-final.png\",\"contentUrl\":\"https:\\\/\\\/metaxa.hr\\\/wp-content\\\/uploads\\\/2020\\\/06\\\/PIZZA-METAXA-LOGO-final.png\",\"width\":2213,\"height\":496,\"caption\":\"Metaxa d.o.o.\"},\"image\":{\"@id\":\"https:\\\/\\\/metaxa.hr\\\/#\\\/schema\\\/logo\\\/image\\\/\"}}]}<\/script>\n<!-- \/ Yoast SEO plugin. -->","yoast_head_json":{"title":"Metaxa - dostava pizza u \u010cakovcu","description":"Pizze iz kru\u0161ne pe\u0107i pripremljene od najkvalitetnijih sastojaka dostavljamo u \u010cakovec i okolicu. Kliknite za vi\u0161e!","robots":{"index":"index","follow":"follow","max-snippet":"max-snippet:-1","max-image-preview":"max-image-preview:large","max-video-preview":"max-video-preview:-1"},"canonical":"https:\/\/metaxa.hr\/","og_locale":"en_US","og_type":"article","og_title":"Metaxa - dostava pizza u \u010cakovcu","og_description":"Pizze iz kru\u0161ne pe\u0107i pripremljene od najkvalitetnijih sastojaka dostavljamo u \u010cakovec i okolicu. Kliknite za vi\u0161e!","og_url":"https:\/\/metaxa.hr\/","og_site_name":"Metaxa","article_modified_time":"2026-02-27T12:53:01+00:00","og_image":[{"width":2213,"height":496,"url":"https:\/\/metaxa.hr\/wp-content\/uploads\/2020\/06\/PIZZA-METAXA-LOGO-final.png","type":"image\/png"}],"twitter_card":"summary_large_image","twitter_image":"https:\/\/metaxa.hr\/wp-content\/uploads\/2020\/06\/PIZZA-METAXA-LOGO-final.png","twitter_misc":{"Est. reading time":"1 minute"},"schema":{"@context":"https:\/\/schema.org","@graph":[{"@type":"WebPage","@id":"https:\/\/metaxa.hr\/","url":"https:\/\/metaxa.hr\/","name":"Metaxa - dostava pizza u \u010cakovcu","isPartOf":{"@id":"https:\/\/metaxa.hr\/#website"},"primaryImageOfPage":{"@id":"https:\/\/metaxa.hr\/#primaryimage"},"image":{"@id":"https:\/\/metaxa.hr\/#primaryimage"},"thumbnailUrl":"https:\/\/metaxa.hr\/wp-content\/uploads\/2019\/05\/crown-1.png","datePublished":"2019-05-13T06:49:43+00:00","dateModified":"2026-02-27T12:53:01+00:00","description":"Pizze iz kru\u0161ne pe\u0107i pripremljene od najkvalitetnijih sastojaka dostavljamo u \u010cakovec i okolicu. Kliknite za vi\u0161e!","breadcrumb":{"@id":"https:\/\/metaxa.hr\/#breadcrumb"},"inLanguage":"en-US","potentialAction":[{"@type":"ReadAction","target":["https:\/\/metaxa.hr\/"]}]},{"@type":"ImageObject","inLanguage":"en-US","@id":"https:\/\/metaxa.hr\/#primaryimage","url":"https:\/\/metaxa.hr\/wp-content\/uploads\/2019\/05\/crown-1.png","contentUrl":"https:\/\/metaxa.hr\/wp-content\/uploads\/2019\/05\/crown-1.png","width":693,"height":158,"caption":""},{"@type":"BreadcrumbList","@id":"https:\/\/metaxa.hr\/#breadcrumb","itemListElement":[{"@type":"ListItem","position":1,"name":"Home","item":"https:\/\/metaxa.hr\/"},{"@type":"ListItem","position":2,"name":"Home"}]},{"@type":"WebSite","@id":"https:\/\/metaxa.hr\/#website","url":"https:\/\/metaxa.hr\/","name":"Metaxa","description":"Pizza &amp; Coffee","publisher":{"@id":"https:\/\/metaxa.hr\/#organization"},"potentialAction":[{"@type":"SearchAction","target":{"@type":"EntryPoint","urlTemplate":"https:\/\/metaxa.hr\/?s={search_term_string}"},"query-input":{"@type":"PropertyValueSpecification","valueRequired":true,"valueName":"search_term_string"}}],"inLanguage":"en-US"},{"@type":"Organization","@id":"https:\/\/metaxa.hr\/#organization","name":"Metaxa d.o.o.","url":"https:\/\/metaxa.hr\/","logo":{"@type":"ImageObject","inLanguage":"en-US","@id":"https:\/\/metaxa.hr\/#\/schema\/logo\/image\/","url":"https:\/\/metaxa.hr\/wp-content\/uploads\/2020\/06\/PIZZA-METAXA-LOGO-final.png","contentUrl":"https:\/\/metaxa.hr\/wp-content\/uploads\/2020\/06\/PIZZA-METAXA-LOGO-final.png","width":2213,"height":496,"caption":"Metaxa d.o.o."},"image":{"@id":"https:\/\/metaxa.hr\/#\/schema\/logo\/image\/"}}]}},"_links":{"self":[{"href":"https:\/\/metaxa.hr\/index.php\/wp-json\/wp\/v2\/pages\/1882","targetHints":{"allow":["GET"]}}],"collection":[{"href":"https:\/\/metaxa.hr\/index.php\/wp-json\/wp\/v2\/pages"}],"about":[{"href":"https:\/\/metaxa.hr\/index.php\/wp-json\/wp\/v2\/types\/page"}],"author":[{"embeddable":true,"href":"https:\/\/metaxa.hr\/index.php\/wp-json\/wp\/v2\/users\/3"}],"replies":[{"embeddable":true,"href":"https:\/\/metaxa.hr\/index.php\/wp-json\/wp\/v2\/comments?post=1882"}],"version-history":[{"count":122,"href":"https:\/\/metaxa.hr\/index.php\/wp-json\/wp\/v2\/pages\/1882\/revisions"}],"predecessor-version":[{"id":2075,"href":"https:\/\/metaxa.hr\/index.php\/wp-json\/wp\/v2\/pages\/1882\/revisions\/2075"}],"wp:attachment":[{"href":"https:\/\/metaxa.hr\/index.php\/wp-json\/wp\/v2\/media?parent=1882"}],"curies":[{"name":"wp","href":"https:\/\/api.w.org\/{rel}","templated":true}]}}